{"id":103,"date":"2024-05-20T22:24:26","date_gmt":"2024-05-20T20:24:26","guid":{"rendered":"https:\/\/sojaroszowka.pl\/?page_id=103"},"modified":"2025-05-06T17:25:56","modified_gmt":"2025-05-06T15:25:56","slug":"zarzad","status":"publish","type":"page","link":"https:\/\/sojaroszowka.pl\/index.php\/zarzad\/","title":{"rendered":"ZARZ\u0104D"},"content":{"rendered":"\n<p><\/p>\n\n\n\n<p><\/p>\n\n\n\n<p><strong><u>PREZES<\/u><\/strong><\/p>\n\n\n\n<p><em>Krzysztof MIKO\u0141AJCZYK<\/em><\/p>\n\n\n\n<p><strong><u>WICEPREZES<\/u><\/strong><\/p>\n\n\n\n<p><em>Piotr OLCZYK<\/em><\/p>\n\n\n\n<p><strong><u>SEKRETARZ<\/u><\/strong><\/p>\n\n\n\n<p><em>Kamil KOSTRZY\u0143SKI<\/em><\/p>\n\n\n\n<p><strong><u>SKARBNIK<\/u><\/strong><\/p>\n\n\n\n<p><em>Anna WARUNEK<\/em><\/p>\n\n\n\n<p><strong><u>CZ\u0141ONEK ZARZ\u0104DU<\/u><\/strong><\/p>\n\n\n\n<p>&#8211;<\/p>\n\n\n\n<p><\/p>\n","protected":false},"excerpt":{"rendered":"<p>PREZES Krzysztof MIKO\u0141AJCZYK WICEPREZES Piotr OLCZYK SEKRETARZ Kamil KOSTRZY\u0143SKI SKARBNIK Anna WARUNEK CZ\u0141ONEK ZARZ\u0104DU &#8211;<\/p>\n","protected":false},"author":1,"featured_media":0,"parent":0,"menu_order":0,"comment_status":"closed","ping_status":"closed","template":"","meta":{"footnotes":""},"class_list":["post-103","page","type-page","status-publish","hentry"],"_links":{"self":[{"href":"https:\/\/sojaroszowka.pl\/index.php\/wp-json\/wp\/v2\/pages\/103","targetHints":{"allow":["GET"]}}],"collection":[{"href":"https:\/\/sojaroszowka.pl\/index.php\/wp-json\/wp\/v2\/pages"}],"about":[{"href":"https:\/\/sojaroszowka.pl\/index.php\/wp-json\/wp\/v2\/types\/page"}],"author":[{"embeddable":true,"href":"https:\/\/sojaroszowka.pl\/index.php\/wp-json\/wp\/v2\/users\/1"}],"replies":[{"embeddable":true,"href":"https:\/\/sojaroszowka.pl\/index.php\/wp-json\/wp\/v2\/comments?post=103"}],"version-history":[{"count":7,"href":"https:\/\/sojaroszowka.pl\/index.php\/wp-json\/wp\/v2\/pages\/103\/revisions"}],"predecessor-version":[{"id":439,"href":"https:\/\/sojaroszowka.pl\/index.php\/wp-json\/wp\/v2\/pages\/103\/revisions\/439"}],"wp:attachment":[{"href":"https:\/\/sojaroszowka.pl\/index.php\/wp-json\/wp\/v2\/media?parent=103"}],"curies":[{"name":"wp","href":"https:\/\/api.w.org\/{rel}","templated":true}]}}