{"id":179,"date":"2024-05-21T11:07:40","date_gmt":"2024-05-21T09:07:40","guid":{"rendered":"https:\/\/sojaroszowka.pl\/?page_id=179"},"modified":"2025-05-08T22:39:21","modified_gmt":"2025-05-08T20:39:21","slug":"ogloszenia-dzialkowcow","status":"publish","type":"page","link":"https:\/\/sojaroszowka.pl\/index.php\/ogloszenia-dzialkowcow\/","title":{"rendered":"UCHWA\u0141Y"},"content":{"rendered":"\n<p>ROK 2025<\/p>\n\n\n\n<p class=\"has-small-font-size\"><strong>1\/Z\/2025<\/strong> wymiana zu\u017cytego sprz\u0119tu biurowego<\/p>\n\n\n\n<p class=\"has-small-font-size\"><strong>2\/Z\/2025<\/strong> aktualizacja uchwa\u0142y 6\/Z\/2017 dotycz\u0105cej pogotowia kasowego<\/p>\n\n\n\n<p class=\"has-small-font-size\"><strong>3\/Z\/2025<\/strong> podpisania umowy o dzie\u0142o<\/p>\n\n\n\n<p class=\"has-small-font-size\"><strong>4\/Z\/2025<\/strong> ko\u0144cowe rozliczenie zu\u017cycia pr\u0105du za 2024<\/p>\n\n\n\n<p class=\"has-small-font-size\"><strong>5\/Z\/2025<\/strong> zakup internetu mobilnego<\/p>\n\n\n\n<p class=\"has-small-font-size\"><strong>6\/Z\/2025<\/strong> przyj\u0119cie rezygnacji z pe\u0142nienia funkcji Cz\u0142onka Zarz\u0105du<\/p>\n\n\n\n<p class=\"has-small-font-size\"><strong>7\/Z\/2024<\/strong> zatwierdzenie umowy przeniesienia praw do dzia\u0142ki numer 20<\/p>\n\n\n\n<p class=\"has-small-font-size\"><strong>8\/Z\/2024<\/strong> wykre\u015blenie jako Cz\u0142onka Stowarzyszenia zbywaj\u0105cego dzia\u0142k\u0119 20<\/p>\n\n\n\n<p class=\"has-small-font-size\"><strong>9\/Z\/2025<\/strong> przyj\u0119cie w poczet Cz\u0142onk\u00f3w Zwyczajnych Stowarzyszenia nowego dzier\u017cawcy dzia\u0142ki 20<\/p>\n\n\n\n<p class=\"has-small-font-size\"><strong>10\/Z\/2025<\/strong> otwarcie wodoci\u0105gu na okres dzia\u0142kowy 2025<\/p>\n\n\n\n<p class=\"has-small-font-size\"><strong>11\/Z\/2024<\/strong> okre\u015blenie terminu Walnego Zebrania Cz\u0142onk\u00f3w Stowarzyszenia <\/p>\n\n\n\n<p class=\"has-small-font-size\"><strong>12\/Z\/2024<\/strong> przyj\u0119cie rezygnacji z pe\u0142nienia funkcji Sekretarza Zarz\u0105du<\/p>\n\n\n\n<p class=\"has-small-font-size\"><strong>13\/Z\/2025<\/strong> powo\u0142anie Cz\u0142onka Zarz\u0105du do pe\u0142nienia funkcji Sekretarza Zarz\u0105du<\/p>\n\n\n\n<p class=\"has-small-font-size\"><strong>14\/Z\/2025<\/strong> <\/p>\n\n\n\n<p class=\"has-small-font-size\"><strong>15\/Z\/2024<\/strong> <\/p>\n\n\n\n<p class=\"has-small-font-size\"><strong>16\/Z\/2024<\/strong> <\/p>\n\n\n\n<p><\/p>\n\n\n\n<hr class=\"wp-block-separator has-alpha-channel-opacity\"\/>\n\n\n\n<p><\/p>\n\n\n\n<p>ROK 2024<\/p>\n\n\n\n<p class=\"has-small-font-size\"><strong>26\/Z\/2024<\/strong>   zatwierdzenie umowy przeniesienia praw do dzia\u0142ki numer 39<\/p>\n\n\n\n<p class=\"has-small-font-size\"><strong>27\/Z\/2024<\/strong>   przyj\u0119cie w poczet Cz\u0142onk\u00f3w Zwyczajnych Stowarzyszenia nowego dzier\u017cawcy dzia\u0142ki 39<\/p>\n\n\n\n<p class=\"has-small-font-size\"><strong>28\/Z\/2024<\/strong>   wykre\u015blenie jako Cz\u0142onka Stowarzyszenia zbywaj\u0105cego dzia\u0142k\u0119 39<\/p>\n\n\n\n<p class=\"has-small-font-size\"><strong>29\/Z\/2024<\/strong>   przyj\u0119cie rezygnacji z mandatu Cz\u0142onka Zarz\u0105du oraz funkcji Skarbnika<\/p>\n\n\n\n<p class=\"has-small-font-size\"><strong>30\/Z\/2024<\/strong>   zatwierdzenie umowy przeniesienia praw do dzia\u0142ki numer 78<\/p>\n\n\n\n<p class=\"has-small-font-size\"><strong>31\/Z\/2024<\/strong>   przyj\u0119cie w poczet Cz\u0142onk\u00f3w Zwyczajnych Stowarzyszenia nowego dzier\u017cawcy dzia\u0142ki 78<\/p>\n\n\n\n<p class=\"has-small-font-size\"><strong>32\/Z\/202<\/strong>4   wykre\u015blenie jako Cz\u0142onka Stowarzyszenia zbywaj\u0105cego dzia\u0142k\u0119 78<\/p>\n\n\n\n<p class=\"has-small-font-size\"><strong>33\/Z\/2024<\/strong>   powo\u0142anie nowego Cz\u0142onka Zarz\u0105du Stowarzyszenia Ogrodowego<\/p>\n\n\n\n<p class=\"has-small-font-size\"><strong>34\/Z\/2024<\/strong>   powo\u0142anie do pe\u0142nienia funkcji Skarbnika Zarz\u0105du<\/p>\n\n\n\n<p class=\"has-small-font-size\"><strong>35\/Z\/2024<\/strong>  zatwierdzenie umowy przeniesienia praw do dzia\u0142ki numer 12<\/p>\n\n\n\n<p class=\"has-small-font-size\"><strong>36\/Z\/2024<\/strong>   wykre\u015blenie jako Cz\u0142onka Stowarzyszenia zbywaj\u0105cego dzia\u0142k\u0119 12<\/p>\n\n\n\n<p class=\"has-small-font-size\"><strong>37\/Z\/202<\/strong>4   przyj\u0119cie w poczet Cz\u0142onk\u00f3w Zwyczajnych Stowarzyszenia nowego dzier\u017cawcy dzia\u0142ki 12<\/p>\n\n\n\n<p><\/p>\n\n\n\n<p><\/p>\n","protected":false},"excerpt":{"rendered":"<p>ROK 2025 1\/Z\/2025 wymiana zu\u017cytego sprz\u0119tu biurowego 2\/Z\/2025 aktualizacja uchwa\u0142y 6\/Z\/2017 dotycz\u0105cej pogotowia kasowego 3\/Z\/2025 podpisania umowy o dzie\u0142o 4\/Z\/2025 ko\u0144cowe rozliczenie zu\u017cycia pr\u0105du za 2024 5\/Z\/2025 zakup internetu mobilnego 6\/Z\/2025 przyj\u0119cie rezygnacji z pe\u0142nienia funkcji Cz\u0142onka Zarz\u0105du 7\/Z\/2024 zatwierdzenie umowy przeniesienia praw do dzia\u0142ki numer 20 8\/Z\/2024 wykre\u015blenie jako Cz\u0142onka Stowarzyszenia zbywaj\u0105cego dzia\u0142k\u0119 20 &hellip; <\/p>\n<p class=\"link-more\"><a href=\"https:\/\/sojaroszowka.pl\/index.php\/ogloszenia-dzialkowcow\/\" class=\"more-link\">Czytaj dalej<span class=\"screen-reader-text\"> \u201eUCHWA\u0141Y\u201d<\/span><\/a><\/p>\n","protected":false},"author":1,"featured_media":0,"parent":0,"menu_order":0,"comment_status":"closed","ping_status":"closed","template":"","meta":{"footnotes":""},"class_list":["post-179","page","type-page","status-publish","hentry"],"_links":{"self":[{"href":"https:\/\/sojaroszowka.pl\/index.php\/wp-json\/wp\/v2\/pages\/179","targetHints":{"allow":["GET"]}}],"collection":[{"href":"https:\/\/sojaroszowka.pl\/index.php\/wp-json\/wp\/v2\/pages"}],"about":[{"href":"https:\/\/sojaroszowka.pl\/index.php\/wp-json\/wp\/v2\/types\/page"}],"author":[{"embeddable":true,"href":"https:\/\/sojaroszowka.pl\/index.php\/wp-json\/wp\/v2\/users\/1"}],"replies":[{"embeddable":true,"href":"https:\/\/sojaroszowka.pl\/index.php\/wp-json\/wp\/v2\/comments?post=179"}],"version-history":[{"count":20,"href":"https:\/\/sojaroszowka.pl\/index.php\/wp-json\/wp\/v2\/pages\/179\/revisions"}],"predecessor-version":[{"id":441,"href":"https:\/\/sojaroszowka.pl\/index.php\/wp-json\/wp\/v2\/pages\/179\/revisions\/441"}],"wp:attachment":[{"href":"https:\/\/sojaroszowka.pl\/index.php\/wp-json\/wp\/v2\/media?parent=179"}],"curies":[{"name":"wp","href":"https:\/\/api.w.org\/{rel}","templated":true}]}}