{"id":204,"date":"2024-06-07T13:09:44","date_gmt":"2024-06-07T11:09:44","guid":{"rendered":"https:\/\/sojaroszowka.pl\/?page_id=204"},"modified":"2024-06-10T19:52:33","modified_gmt":"2024-06-10T17:52:33","slug":"komisja-rewizyjna","status":"publish","type":"page","link":"https:\/\/sojaroszowka.pl\/index.php\/komisja-rewizyjna\/","title":{"rendered":"KOMISJA REWIZYJNA"},"content":{"rendered":"\n<p><\/p>\n\n\n\n<p><strong><strong><u>PRZEWODNICZ\u0104CA KOMISJI<\/u><\/strong><\/strong><\/p>\n\n\n\n<p><em>Maria POPRAWA<\/em><\/p>\n\n\n\n<p><strong><strong><u>CZ\u0141ONKOWIE KOMISJI<\/u><\/strong><\/strong><\/p>\n\n\n\n<p><em>Halina DANOWSKA<\/em><\/p>\n\n\n\n<p><em>Ewa JAZIENICKA<\/em><\/p>\n\n\n\n<p><em>Bo\u017cena GUZIK<\/em><\/p>\n\n\n\n<p><em>Zbigniew RZ\u0104P<\/em><\/p>\n","protected":false},"excerpt":{"rendered":"<p>PRZEWODNICZ\u0104CA KOMISJI Maria POPRAWA CZ\u0141ONKOWIE KOMISJI Halina DANOWSKA Ewa JAZIENICKA Bo\u017cena GUZIK Zbigniew RZ\u0104P<\/p>\n","protected":false},"author":1,"featured_media":0,"parent":0,"menu_order":0,"comment_status":"closed","ping_status":"closed","template":"","meta":{"footnotes":""},"class_list":["post-204","page","type-page","status-publish","hentry"],"_links":{"self":[{"href":"https:\/\/sojaroszowka.pl\/index.php\/wp-json\/wp\/v2\/pages\/204","targetHints":{"allow":["GET"]}}],"collection":[{"href":"https:\/\/sojaroszowka.pl\/index.php\/wp-json\/wp\/v2\/pages"}],"about":[{"href":"https:\/\/sojaroszowka.pl\/index.php\/wp-json\/wp\/v2\/types\/page"}],"author":[{"embeddable":true,"href":"https:\/\/sojaroszowka.pl\/index.php\/wp-json\/wp\/v2\/users\/1"}],"replies":[{"embeddable":true,"href":"https:\/\/sojaroszowka.pl\/index.php\/wp-json\/wp\/v2\/comments?post=204"}],"version-history":[{"count":4,"href":"https:\/\/sojaroszowka.pl\/index.php\/wp-json\/wp\/v2\/pages\/204\/revisions"}],"predecessor-version":[{"id":222,"href":"https:\/\/sojaroszowka.pl\/index.php\/wp-json\/wp\/v2\/pages\/204\/revisions\/222"}],"wp:attachment":[{"href":"https:\/\/sojaroszowka.pl\/index.php\/wp-json\/wp\/v2\/media?parent=204"}],"curies":[{"name":"wp","href":"https:\/\/api.w.org\/{rel}","templated":true}]}}