{"id":36,"date":"2024-01-12T20:34:45","date_gmt":"2024-01-12T19:34:45","guid":{"rendered":"http:\/\/sojaroszowka.pl\/?page_id=36"},"modified":"2024-10-22T22:47:40","modified_gmt":"2024-10-22T20:47:40","slug":"__trashed","status":"publish","type":"page","link":"https:\/\/sojaroszowka.pl\/","title":{"rendered":"DOMOWA"},"content":{"rendered":"\n<p>Witamy na stronie internetowej Rodzinnych Ogr\u00f3dk\u00f3w Dzia\u0142kowych &#8222;JAROSZ\u00d3WKA&#8221; w Jaroszowej Woli. <\/p>\n\n\n\n<p>Odwiedzaj\u0105c nasz\u0105 strone oraz w\u0119druj\u0105c po niej, postaramy si\u0119 by dowiedzieli si\u0119 Pa\u0144stwo jak najwi\u0119cej o naszych ogr\u00f3dkach.<\/p>\n\n\n\n<p>Serdecznie zapraszamy na wirtualny spacer.<\/p>\n\n\n\n<p><\/p>\n\n\n\n<p><\/p>\n\n\n\n<p><\/p>\n","protected":false},"excerpt":{"rendered":"<p>Witamy na stronie internetowej Rodzinnych Ogr\u00f3dk\u00f3w Dzia\u0142kowych &#8222;JAROSZ\u00d3WKA&#8221; w Jaroszowej Woli. Odwiedzaj\u0105c nasz\u0105 strone oraz w\u0119druj\u0105c po niej, postaramy si\u0119 by dowiedzieli si\u0119 Pa\u0144stwo jak najwi\u0119cej o naszych ogr\u00f3dkach. Serdecznie zapraszamy na wirtualny spacer.<\/p>\n","protected":false},"author":1,"featured_media":108,"parent":0,"menu_order":0,"comment_status":"closed","ping_status":"closed","template":"","meta":{"footnotes":""},"class_list":["post-36","page","type-page","status-publish","has-post-thumbnail","hentry"],"_links":{"self":[{"href":"https:\/\/sojaroszowka.pl\/index.php\/wp-json\/wp\/v2\/pages\/36","targetHints":{"allow":["GET"]}}],"collection":[{"href":"https:\/\/sojaroszowka.pl\/index.php\/wp-json\/wp\/v2\/pages"}],"about":[{"href":"https:\/\/sojaroszowka.pl\/index.php\/wp-json\/wp\/v2\/types\/page"}],"author":[{"embeddable":true,"href":"https:\/\/sojaroszowka.pl\/index.php\/wp-json\/wp\/v2\/users\/1"}],"replies":[{"embeddable":true,"href":"https:\/\/sojaroszowka.pl\/index.php\/wp-json\/wp\/v2\/comments?post=36"}],"version-history":[{"count":12,"href":"https:\/\/sojaroszowka.pl\/index.php\/wp-json\/wp\/v2\/pages\/36\/revisions"}],"predecessor-version":[{"id":316,"href":"https:\/\/sojaroszowka.pl\/index.php\/wp-json\/wp\/v2\/pages\/36\/revisions\/316"}],"wp:featuredmedia":[{"embeddable":true,"href":"https:\/\/sojaroszowka.pl\/index.php\/wp-json\/wp\/v2\/media\/108"}],"wp:attachment":[{"href":"https:\/\/sojaroszowka.pl\/index.php\/wp-json\/wp\/v2\/media?parent=36"}],"curies":[{"name":"wp","href":"https:\/\/api.w.org\/{rel}","templated":true}]}}